{"id":1313,"date":"2018-05-24T13:10:16","date_gmt":"2018-05-24T10:10:16","guid":{"rendered":"https:\/\/3d-tentes.gr\/terms-of-use\/"},"modified":"2021-08-19T11:31:27","modified_gmt":"2021-08-19T08:31:27","slug":"nutzungsbedingungen-datenschutzerklarung","status":"publish","type":"page","link":"https:\/\/3d-tentes.gr\/de\/nutzungsbedingungen-datenschutzerklarung\/","title":{"rendered":"Nutzungsbedingungen &#038; Datenschutzerkl\u00e4rung"},"content":{"rendered":"<div class=\"fusion-fullwidth fullwidth-box fusion-builder-row-1 fusion-flex-container nonhundred-percent-fullwidth non-hundred-percent-height-scrolling\" style=\"--awb-border-radius-top-left:0px;--awb-border-radius-top-right:0px;--awb-border-radius-bottom-right:0px;--awb-border-radius-bottom-left:0px;--awb-flex-wrap:wrap;\" ><div class=\"fusion-builder-row fusion-row fusion-flex-align-items-flex-start fusion-flex-content-wrap\" style=\"max-width:1206.4px;margin-left: calc(-4% \/ 2 );margin-right: calc(-4% \/ 2 );\"><div class=\"fusion-layout-column fusion_builder_column fusion-builder-column-0 fusion_builder_column_1_1 1_1 fusion-flex-column\" style=\"--awb-bg-size:cover;--awb-width-large:100%;--awb-margin-top-large:0px;--awb-spacing-right-large:1.92%;--awb-margin-bottom-large:0px;--awb-spacing-left-large:1.92%;--awb-width-medium:100%;--awb-spacing-right-medium:1.92%;--awb-spacing-left-medium:1.92%;--awb-width-small:100%;--awb-spacing-right-small:1.92%;--awb-spacing-left-small:1.92%;\"><div class=\"fusion-column-wrapper fusion-flex-justify-content-flex-start fusion-content-layout-column\"><div class=\"fusion-text fusion-text-1\"><p>Um einen personalisierten Service anbieten zu k\u00f6nnen, verwenden wir wie die meisten Websites alphanumerische Identifikationsdateien, sogenannte Cookies. Durch die weitere Navigation auf unserer Website akzeptieren Sie Folgendes:<\/p>\n<p>WARUM VERWENDEN WIR COOKIES?<\/p>\n<p>Unser Hauptziel ist es, das Navigationserlebnis unserer Website-Besucher kontinuierlich zu verbessern. Um dies zu erreichen und alle Ihre Bed\u00fcrfnisse abzudecken, verwenden wir Daten, die sich ausschlie\u00dflich auf Ihre Pr\u00e4ferenzen beim Surfen auf unserer Website beziehen.<\/p>\n<p>WAS SIND COOKIES?<\/p>\n<p>Cookies sind Informationen, die in Form von sehr kleinem Text, der in der Regel aus Buchstaben und Zahlen besteht, in dem von Ihnen verwendeten Browser (Chrome, Internet Explorer, Mozilla Firefox usw.) gespeichert werden, um den effizientesten Betrieb unserer Website zu erm\u00f6glichen. Cookies richten auf dem Computer der Benutzer oder den darauf gespeicherten Dateien in keiner Weise Schaden an. Die in Cookies gespeicherten Informationen werden zu Identifikationszwecken verwendet. Dies erm\u00f6glicht es uns, den von uns angebotenen Service auf unserer Website effizient zu betreiben und das Verhalten der Besucher der Website zu \u00fcberwachen.<\/p>\n<p>Wir verwenden Cookies, um Besuchern Informationen bereitzustellen und die \u00fcber die Website bereitgestellten Dienste zu verarbeiten.<\/p>\n<p>Es gibt 4 verschiedene Arten von Cookies:<\/p>\n<ul>\n<li>Funktionalit\u00e4ts-Cookies: Sie erm\u00f6glichen die Ausf\u00fchrung grundlegender Funktionen der Website wie die Nutzung des Kontaktformulars.<\/li>\n<li>Pr\u00e4ferenz-Cookies: Diese Cookies \u201emerken\u201c sich Ihre Pr\u00e4ferenzen, wenn Sie auf unserer Website surfen, wie z. B. Optionen zum Sortieren von Inhalten, Anzeigesprache usw.<\/li>\n<li>Werbe-Cookies: Mit Werbe-Cookies versuchen wir, Ihnen interessenbezogene Werbung anzuzeigen, um Sie nicht mit unerw\u00fcnschten Nachrichten zu bel\u00e4stigen.<\/li>\n<li>Cookies Analytics: Sie erm\u00f6glichen es uns, die Effektivit\u00e4t der verschiedenen Funktionen unserer Website zu bewerten, damit wir unser Erlebnis, das wir Ihnen bieten, kontinuierlich verbessern k\u00f6nnen.<\/li>\n<\/ul>\n<p>Speziell:<br \/>\nDrittanbieter, einschlie\u00dflich Google und Facebook, k\u00f6nnen die Anzeigen des Unternehmens auf Internetseiten anzeigen.<\/p>\n<p>Drittanbieter, einschlie\u00dflich Google und Facebook, k\u00f6nnen Cookies verwenden, um Anzeigen basierend auf dem vorherigen Besuch eines Benutzers auf unserer Website zu aktualisieren, zu optimieren und anzuzeigen.<\/p>\n<p>Unsere Website kann auch Cookies von einem fr\u00fcheren Besuch auf ihrer Website f\u00fcr wiederholtes Marketing verwenden.<\/p>\n<p>Benutzer k\u00f6nnen die Verwendung von Cookies durch Google <a style=\"color: #ca2b00;\" href=\"https:\/\/www.google.com\/ads\/preferences\/\">hier<\/a> deaktivieren.<br \/>\nSie k\u00f6nnen Ihren Browser so einstellen, dass er Sie jedes Mal benachrichtigt, bevor ein Cookie heruntergeladen wird und Sie entscheiden, ihn herunterzuladen oder abzulehnen. Denken Sie in diesem Fall daran, dass Sie es m\u00f6glicherweise nicht vollst\u00e4ndig nutzen k\u00f6nnen.<\/p>\n<p>Unsere Website kann Google Analytics-Funktionen f\u00fcr Display-Anzeigen verwenden (z. B. Wiederholungsmarketing, Google Display-Netzwerk-Display-Berichte, Doubleclick-Kampagnenmanager-Integration sowie demografische und Interessenberichte).<\/p>\n<p>Mithilfe der <a style=\"color: #ca2b00;\" href=\"https:\/\/www.google.com\/settings\/ads\">Anzeigeneinstellungen<\/a> k\u00f6nnen Besucher Google Analytics f\u00fcr Display-Anzeigen deaktivieren und Google Display-Netzwerk-Anzeigen anpassen.<\/p>\n<p><a style=\"color: #ca2b00;\" href=\"https:\/\/tools.google.com\/dlpage\/gaoptout\/\">Hier<\/a> sind die verf\u00fcgbaren Web-Opt-Out-Optionen von Google Analytics.<\/p>\n<p>Unsere Website und Drittanbieter, einschlie\u00dflich Google, verwenden sowohl Drittanbieter-Cookies (wie das Google Analytics-Cookie) als auch Drittanbieter-Cookies (wie das DoubleClick-Cookie), um Anzeigen wie oben beschrieben zu aktualisieren, zu optimieren und anzuzeigen. Besuche einiger Benutzer auf ihrer Website.<\/p>\n<p>Unsere Website kann Daten aus interessenbezogener Werbung von Google oder Daten von Drittanbietern (wie Alter, Geschlecht und Interessen) an Google Analytics verwenden.<\/p>\n<p>ANWEISUNGEN ZUM L\u00d6SCHEN VON COOKIES<\/p>\n<p>Beachten Sie, dass Sie bei der Deaktivierung von Cookies m\u00f6glicherweise nicht alle Funktionen der Website nutzen k\u00f6nnen.<\/p>\n<p><a style=\"color: #ca2b00;\" href=\"https:\/\/support.google.com\/chrome\/answer\/95647?co=GENIE.Platform%3DDesktop&amp;hl=el\" target=\"_blank\" rel=\"noopener noreferrer\">Google Chrome<\/a><\/p>\n<p><a style=\"color: #ca2b00;\" href=\"https:\/\/support.microsoft.com\/el-gr\/help\/17442\/windows-internet-explorer-delete-manage-cookies\" target=\"_blank\" rel=\"noopener noreferrer\">Internet Explorer<\/a><\/p>\n<p><a style=\"color: #ca2b00;\" href=\"https:\/\/support.mozilla.org\/el\/kb\/energopoihsh-apenergopoihsh-cookies-parakoloy8hsh-protimhsewn\" target=\"_blank\" rel=\"noopener noreferrer\">Mozilla Firefox<\/a><\/p>\n<p><a style=\"color: #ca2b00;\" href=\"https:\/\/support.apple.com\/kb\/PH21411?viewlocale=el_GR&amp;locale=en_US\" target=\"_blank\" rel=\"noopener noreferrer\">Safari<\/a><\/p>\n<p>M\u00d6CHTEN SIE MEHR WISSEN;<\/p>\n<p>Kontaktieren Sie uns <a style=\"color: #ca2b00;\" href=\"http:\/\/3d-tentes.gr\/contact\/\">hier<\/a>.<\/p>\n<table class=\"cookielawinfo-row-cat-table cookielawinfo-classic\"><thead><tr><th class=\"cookielawinfo-column-1\">Cookie<\/th><th class=\"cookielawinfo-column-2\">Typ<\/th><th class=\"cookielawinfo-column-3\">Dauer<\/th><th class=\"cookielawinfo-column-4\">Beschreibung<\/th><\/tr><\/thead><tbody><tr class=\"cookielawinfo-row\"><td class=\"cookielawinfo-column-1\">cookielawinfo-checkbox-necessary<\/td><td class=\"cookielawinfo-column-2\"><\/td><td class=\"cookielawinfo-column-3\">1 hour<\/td><td class=\"cookielawinfo-column-4\"><strong>Erforderlich:<\/strong> Dieses Cookie wird vom GDPR Cookie Consent Plugin installiert. Cookies werden verwendet, um die Zustimmung des Benutzers zu Cookies in der Kategorie \"Notwendig\" zu speichern.<\/td><\/tr><tr class=\"cookielawinfo-row\"><td class=\"cookielawinfo-column-1\">cookielawinfo-checkbox-non-necessary<\/td><td class=\"cookielawinfo-column-2\"><\/td><td class=\"cookielawinfo-column-3\">11 months<\/td><td class=\"cookielawinfo-column-4\"><strong>Erforderlich:<\/strong> Dieses Cookie wird vom GDPR Cookie Consent Plugin installiert. Cookies werden verwendet, um die Zustimmung des Benutzers f\u00fcr Cookies in der Kategorie \"Unn\u00f6tig\" zu speichern.<\/td><\/tr><tr class=\"cookielawinfo-row\"><td class=\"cookielawinfo-column-1\">viewed_cookie_policy<\/td><td class=\"cookielawinfo-column-2\"><\/td><td class=\"cookielawinfo-column-3\">356 days<\/td><td class=\"cookielawinfo-column-4\"><strong>Notwendig:<\/strong> \u200b\u200bErh\u00e4lt einen Wert (true \/ false), ob der Benutzer eine Cookie-Richtlinie hat.<\/td><\/tr><tr class=\"cookielawinfo-row\"><td class=\"cookielawinfo-column-1\">_ga<\/td><td class=\"cookielawinfo-column-2\">third party: Google<\/td><td class=\"cookielawinfo-column-3\">2 years<\/td><td class=\"cookielawinfo-column-4\"><strong>Unn\u00f6tig:<\/strong> Statistische Erfassung von Website-Traffic-Daten<\/td><\/tr><tr class=\"cookielawinfo-row\"><td class=\"cookielawinfo-column-1\">_gat<\/td><td class=\"cookielawinfo-column-2\">third party: Google<\/td><td class=\"cookielawinfo-column-3\">2 years<\/td><td class=\"cookielawinfo-column-4\"><strong>Unn\u00f6tig:<\/strong> Statistische Erfassung von Website-Traffic-Daten<\/td><\/tr><tr class=\"cookielawinfo-row\"><td class=\"cookielawinfo-column-1\">_gid<\/td><td class=\"cookielawinfo-column-2\">third party: Google<\/td><td class=\"cookielawinfo-column-3\">2 years<\/td><td class=\"cookielawinfo-column-4\"><strong>Unn\u00f6tig:<\/strong> Statistische Erfassung von Website-Traffic-Daten<\/td><\/tr><\/tbody><\/table>\n<\/div><\/div><\/div><\/div><\/div>\n","protected":false},"excerpt":{"rendered":"","protected":false},"author":1,"featured_media":0,"parent":0,"menu_order":0,"comment_status":"closed","ping_status":"closed","template":"","meta":{"footnotes":""},"class_list":["post-1313","page","type-page","status-publish","hentry"],"yoast_head":"<!-- This site is optimized with the Yoast SEO plugin v27.2 - https:\/\/yoast.com\/product\/yoast-seo-wordpress\/ -->\n<title>Nutzungsbedingungen &amp; Datenschutzerkl\u00e4rung - 3D EPE Tentes Aidispos<\/title>\n<meta name=\"robots\" content=\"index, follow, max-snippet:-1, max-image-preview:large, max-video-preview:-1\" \/>\n<link rel=\"canonical\" href=\"https:\/\/3d-tentes.gr\/de\/nutzungsbedingungen-datenschutzerklarung\/\" \/>\n<meta property=\"og:locale\" content=\"de_DE\" \/>\n<meta property=\"og:type\" content=\"article\" \/>\n<meta property=\"og:title\" content=\"Nutzungsbedingungen &amp; Datenschutzerkl\u00e4rung - 3D EPE Tentes Aidispos\" \/>\n<meta property=\"og:url\" content=\"https:\/\/3d-tentes.gr\/de\/nutzungsbedingungen-datenschutzerklarung\/\" \/>\n<meta property=\"og:site_name\" content=\"3D EPE Tentes Aidispos\" \/>\n<meta property=\"article:modified_time\" content=\"2021-08-19T08:31:27+00:00\" \/>\n<meta name=\"twitter:card\" content=\"summary_large_image\" \/>\n<meta name=\"twitter:label1\" content=\"Gesch\u00e4tzte Lesezeit\" \/>\n\t<meta name=\"twitter:data1\" content=\"4\u00a0Minuten\" \/>\n<script type=\"application\/ld+json\" class=\"yoast-schema-graph\">{\"@context\":\"https:\/\/schema.org\",\"@graph\":[{\"@type\":\"WebPage\",\"@id\":\"https:\/\/3d-tentes.gr\/de\/nutzungsbedingungen-datenschutzerklarung\/\",\"url\":\"https:\/\/3d-tentes.gr\/de\/nutzungsbedingungen-datenschutzerklarung\/\",\"name\":\"Nutzungsbedingungen & Datenschutzerkl\u00e4rung - 3D EPE Tentes Aidispos\",\"isPartOf\":{\"@id\":\"https:\/\/3d-tentes.gr\/#website\"},\"datePublished\":\"2018-05-24T10:10:16+00:00\",\"dateModified\":\"2021-08-19T08:31:27+00:00\",\"breadcrumb\":{\"@id\":\"https:\/\/3d-tentes.gr\/de\/nutzungsbedingungen-datenschutzerklarung\/#breadcrumb\"},\"inLanguage\":\"de\",\"potentialAction\":[{\"@type\":\"ReadAction\",\"target\":[\"https:\/\/3d-tentes.gr\/de\/nutzungsbedingungen-datenschutzerklarung\/\"]}]},{\"@type\":\"BreadcrumbList\",\"@id\":\"https:\/\/3d-tentes.gr\/de\/nutzungsbedingungen-datenschutzerklarung\/#breadcrumb\",\"itemListElement\":[{\"@type\":\"ListItem\",\"position\":1,\"name\":\"Home\",\"item\":\"https:\/\/3d-tentes.gr\/de\/\"},{\"@type\":\"ListItem\",\"position\":2,\"name\":\"Nutzungsbedingungen &#038; Datenschutzerkl\u00e4rung\"}]},{\"@type\":\"WebSite\",\"@id\":\"https:\/\/3d-tentes.gr\/#website\",\"url\":\"https:\/\/3d-tentes.gr\/\",\"name\":\"3D EPE Tentes Aidispos\",\"description\":\"\u039c\u03bf\u03c3\u03c7\u03cc\u03c0\u03bf\u03c5\u03bb\u03bf\u03c2 \u03a3\u03ac\u03ba\u03b7\u03c2\",\"potentialAction\":[{\"@type\":\"SearchAction\",\"target\":{\"@type\":\"EntryPoint\",\"urlTemplate\":\"https:\/\/3d-tentes.gr\/?s={search_term_string}\"},\"query-input\":{\"@type\":\"PropertyValueSpecification\",\"valueRequired\":true,\"valueName\":\"search_term_string\"}}],\"inLanguage\":\"de\"}]}<\/script>\n<!-- \/ Yoast SEO plugin. -->","yoast_head_json":{"title":"Nutzungsbedingungen & Datenschutzerkl\u00e4rung - 3D EPE Tentes Aidispos","robots":{"index":"index","follow":"follow","max-snippet":"max-snippet:-1","max-image-preview":"max-image-preview:large","max-video-preview":"max-video-preview:-1"},"canonical":"https:\/\/3d-tentes.gr\/de\/nutzungsbedingungen-datenschutzerklarung\/","og_locale":"de_DE","og_type":"article","og_title":"Nutzungsbedingungen & Datenschutzerkl\u00e4rung - 3D EPE Tentes Aidispos","og_url":"https:\/\/3d-tentes.gr\/de\/nutzungsbedingungen-datenschutzerklarung\/","og_site_name":"3D EPE Tentes Aidispos","article_modified_time":"2021-08-19T08:31:27+00:00","twitter_card":"summary_large_image","twitter_misc":{"Gesch\u00e4tzte Lesezeit":"4\u00a0Minuten"},"schema":{"@context":"https:\/\/schema.org","@graph":[{"@type":"WebPage","@id":"https:\/\/3d-tentes.gr\/de\/nutzungsbedingungen-datenschutzerklarung\/","url":"https:\/\/3d-tentes.gr\/de\/nutzungsbedingungen-datenschutzerklarung\/","name":"Nutzungsbedingungen & Datenschutzerkl\u00e4rung - 3D EPE Tentes Aidispos","isPartOf":{"@id":"https:\/\/3d-tentes.gr\/#website"},"datePublished":"2018-05-24T10:10:16+00:00","dateModified":"2021-08-19T08:31:27+00:00","breadcrumb":{"@id":"https:\/\/3d-tentes.gr\/de\/nutzungsbedingungen-datenschutzerklarung\/#breadcrumb"},"inLanguage":"de","potentialAction":[{"@type":"ReadAction","target":["https:\/\/3d-tentes.gr\/de\/nutzungsbedingungen-datenschutzerklarung\/"]}]},{"@type":"BreadcrumbList","@id":"https:\/\/3d-tentes.gr\/de\/nutzungsbedingungen-datenschutzerklarung\/#breadcrumb","itemListElement":[{"@type":"ListItem","position":1,"name":"Home","item":"https:\/\/3d-tentes.gr\/de\/"},{"@type":"ListItem","position":2,"name":"Nutzungsbedingungen &#038; Datenschutzerkl\u00e4rung"}]},{"@type":"WebSite","@id":"https:\/\/3d-tentes.gr\/#website","url":"https:\/\/3d-tentes.gr\/","name":"3D EPE Tentes Aidispos","description":"\u039c\u03bf\u03c3\u03c7\u03cc\u03c0\u03bf\u03c5\u03bb\u03bf\u03c2 \u03a3\u03ac\u03ba\u03b7\u03c2","potentialAction":[{"@type":"SearchAction","target":{"@type":"EntryPoint","urlTemplate":"https:\/\/3d-tentes.gr\/?s={search_term_string}"},"query-input":{"@type":"PropertyValueSpecification","valueRequired":true,"valueName":"search_term_string"}}],"inLanguage":"de"}]}},"_links":{"self":[{"href":"https:\/\/3d-tentes.gr\/de\/wp-json\/wp\/v2\/pages\/1313","targetHints":{"allow":["GET"]}}],"collection":[{"href":"https:\/\/3d-tentes.gr\/de\/wp-json\/wp\/v2\/pages"}],"about":[{"href":"https:\/\/3d-tentes.gr\/de\/wp-json\/wp\/v2\/types\/page"}],"author":[{"embeddable":true,"href":"https:\/\/3d-tentes.gr\/de\/wp-json\/wp\/v2\/users\/1"}],"replies":[{"embeddable":true,"href":"https:\/\/3d-tentes.gr\/de\/wp-json\/wp\/v2\/comments?post=1313"}],"version-history":[{"count":3,"href":"https:\/\/3d-tentes.gr\/de\/wp-json\/wp\/v2\/pages\/1313\/revisions"}],"predecessor-version":[{"id":1818,"href":"https:\/\/3d-tentes.gr\/de\/wp-json\/wp\/v2\/pages\/1313\/revisions\/1818"}],"wp:attachment":[{"href":"https:\/\/3d-tentes.gr\/de\/wp-json\/wp\/v2\/media?parent=1313"}],"curies":[{"name":"wp","href":"https:\/\/api.w.org\/{rel}","templated":true}]}}